{"id":79,"date":"2019-08-25T23:33:39","date_gmt":"2019-08-25T23:33:39","guid":{"rendered":"http:\/\/52.23.209.231\/?page_id=79"},"modified":"2021-10-05T17:23:08","modified_gmt":"2021-10-05T17:23:08","slug":"become-an-academy-gym","status":"publish","type":"page","link":"https:\/\/wfpfparkouracademy.com\/es\/become-an-academy-gym\/","title":{"rendered":"CONVI\u00c9RTETE EN UN GIMNASIO DE LA ACADEMIA"},"content":{"rendered":"<h2>\n\t\tCONVI\u00c9RTETE EN UN GIMNASIO ACADEMY\n\t<\/h2>\n\t\t\t<a href=\"#learnmore\" target=\"_self\" role=\"button\" rel=\"noopener noreferrer\">\n\t\t\t\t\t\tPregunte ahora\n\t\t\t\t\t<\/a>\n\t\t\t<a href=\"#inquire\" target=\"_blank\" role=\"button\" rel=\"noopener noreferrer\">\n\t\t\t\t\t\tAprende m\u00e1s\n\t\t\t\t\t<\/a>\n\t<blockquote>\n<h4>\u201cCreo que el parkour es el pr\u00f3ximo gran deporte y quer\u00eda llegar temprano y crecer con el deporte. Investigu\u00e9 mucho y me un\u00ed a la WFPF Parkour Academy. Su plan de estudios es s\u00f3lido y progresivo en niveles como estamos acostumbrados en gimnasia y su personal de apoyo es incre\u00edble.\u201d<\/h4>\n<\/blockquote>\n<strong><em>Tom Forster<\/em><\/strong><br \/>\n<em>Colorado Aerials owner, gymnastics coach, entrepreneur, and current High Performance Team Co-ordinator for the United States Women&#8217;s National Gymnastics team<\/em>\n<h2>\n\t\tAprenda sobre c\u00f3mo convertirse en un gimnasio de la Academia Parkour de la WFPF\n\t<\/h2>\n\t\t\t\t\t\t<img decoding=\"async\" src=\"https:\/\/i.ytimg.com\/vi\/vap92paiYmM\/maxresdefault.jpg\"  \/>\n\t<h3>La Academia de Parkour WFPF<\/h3>\n<p><strong>Como Academia Parkour WFPF oficial, disfrutar\u00e1 de estos beneficios especiales:<\/strong><\/p>\n<ul>\n<li>Curr\u00edculo de Parkour de 8 niveles, incluyendo nuestras marcas registradas Parkidz y Ninjas<\/li>\n<li>Programa para ni\u00f1os, para estudiantes de 4 a\u00f1os en adelante<\/li>\n<li>\u00a1NO HAY RESTRICCIONES DE EDAD SUPERIOR!<\/li>\n<li>Plan de estudios mensual y actualizaciones de marketing para todos los programas.<\/li>\n<li>Elegibilidad exclusiva para organizar competiciones autorizadas por el WFPF<\/li>\n<li>Consulta continua de equipos para adaptarse a su programa de crecimiento<\/li>\n<li>Derecho a usar la marca WFPF y Parkidz y Ninjas en todos los materiales promocionales y comerciales<\/li>\n<li>Exposici\u00f3n regular en las plataformas de redes sociales WFPF y USA Parkour<\/li>\n<\/ul>\n<p><strong>Los gimnasios de la Academia WFPF tambi\u00e9n reciben descuentos en:<\/strong><\/p>\n<ul>\n<li>Certificaciones de Instructor de WFPF<\/li>\n<li>Precios preferidos en WFPF y KO Parkour Shoes and Apparel<\/li>\n<\/ul>\n<p><strong>Compromiso<\/strong>:<\/p>\n<ul>\n<li>Tarifa de inicio \u00fanica: $ 3000<\/li>\n<li>Compromiso de 1 a\u00f1o<\/li>\n<li>$350 Monthly<\/li>\n<\/ul>\n<p><strong>A\u00f1os subsecuentes:\u00a0<\/strong><\/p>\n<ul>\n<li>$3000 per year or $350 Monthly (1 year commitment)<\/li>\n<\/ul>\n\t\t\t\t\t\t\t\t<h3 class='uabb-testimonial-author-name testimonial-author-name'>Tom Forester<\/h3>\t\t\t\t\t\t\t\t\n\t\t\t\t\t\t\t\t\tGimnasia a\u00e9rea\t\t\t\t\t\t\t\t\n\t\t\t\t\t\t\t<p>&#8220;We started with about 20 kids and have grown to 150 in the first year and are now at the point where we have outgrown our area and we have to open a second location.&#8221;<\/p>\t\t\t\t\t\t\n\t\t\t\t\t\t\t\t<h3 class='uabb-testimonial-author-name testimonial-author-name'>CJ Beasley<\/h3>\t\t\t\t\t\t\t\t\n\t\t\t\t\t\t\t\t\tTumble Tech\t\t\t\t\t\t\t\t\n\t\t\t\t\t\t\t<p>&#8220;Now we are at about 320 kids and it has been about a year and we are steadily climbing.&#8221;<\/p>\t\t\t\t\t\t\n\t\t\t\t\t\t\t\t<h3 class='uabb-testimonial-author-name testimonial-author-name'>LIFEKOUR Academia<\/h3>\t\t\t\t\t\t\t\t\n\t\t\t\t\t\t\t<p>&#8220;Having the Lesson Plans each week has been hugely beneficial and we still refer back to the Video Glossary on a regular basis. The whole Program has been fantastic.\u201d<\/p>\t\t\t\t\t\t\n\t\t\t\t\t\t\t\t<h3 class='uabb-testimonial-author-name testimonial-author-name'>Academia Naro Parkour<\/h3>\t\t\t\t\t\t\t\t\n\t\t\t\t\t\t\t<p>&#8220;Within our first year, we reached the maximum capacity of our gym and so we are now looking for a larger space, for which we can bring our Integrated Obstacles Mobile equipment with us.&#8221;<\/p>","protected":false},"excerpt":{"rendered":"<p>BECOME AN ACADEMY GYM Learn More Inquire Now \u201cI believe parkour is the next big sport and I wanted to get in early and grow with the sport. I did a lot of investigating and joined the WFPF Parkour Academy. Their curriculum is sound and progressive by levels like we are used to in gymnastics&hellip;<\/p>","protected":false},"author":1,"featured_media":0,"parent":0,"menu_order":0,"comment_status":"closed","ping_status":"closed","template":"","meta":{"footnotes":""},"class_list":["post-79","page","type-page","status-publish","hentry"],"_links":{"self":[{"href":"https:\/\/wfpfparkouracademy.com\/es\/wp-json\/wp\/v2\/pages\/79","targetHints":{"allow":["GET"]}}],"collection":[{"href":"https:\/\/wfpfparkouracademy.com\/es\/wp-json\/wp\/v2\/pages"}],"about":[{"href":"https:\/\/wfpfparkouracademy.com\/es\/wp-json\/wp\/v2\/types\/page"}],"author":[{"embeddable":true,"href":"https:\/\/wfpfparkouracademy.com\/es\/wp-json\/wp\/v2\/users\/1"}],"replies":[{"embeddable":true,"href":"https:\/\/wfpfparkouracademy.com\/es\/wp-json\/wp\/v2\/comments?post=79"}],"version-history":[{"count":13,"href":"https:\/\/wfpfparkouracademy.com\/es\/wp-json\/wp\/v2\/pages\/79\/revisions"}],"predecessor-version":[{"id":10566,"href":"https:\/\/wfpfparkouracademy.com\/es\/wp-json\/wp\/v2\/pages\/79\/revisions\/10566"}],"wp:attachment":[{"href":"https:\/\/wfpfparkouracademy.com\/es\/wp-json\/wp\/v2\/media?parent=79"}],"curies":[{"name":"wp","href":"https:\/\/api.w.org\/{rel}","templated":true}]}}