{"id":2,"date":"2019-08-15T04:37:06","date_gmt":"2019-08-15T04:37:06","guid":{"rendered":"http:\/\/52.23.209.231\/?page_id=2"},"modified":"2024-07-30T09:32:29","modified_gmt":"2024-07-30T09:32:29","slug":"wfpf-academy","status":"publish","type":"page","link":"https:\/\/wfpfparkouracademy.com\/es\/","title":{"rendered":"WFPF Academy"},"content":{"rendered":"<h2>WFPF Parkour Academy offers a comprehensive Parkour &#8220;Business-in-a-Box&#8221; for students of ALL AGES providing:<\/h2>\r\n<h3>Todo a un precio adecuado para cualquier tama\u00f1o de gimnasio o presupuesto.<\/h3>\r\n<p><a href=\"https:\/\/wfpfparkouracademy.com\/es\/become-an-academy-gym\/\" target=\"_self\" rel=\"noopener\"> M\u00e1s informaci\u00f3n <\/a><\/p>\r\n<h2>El sistema de gimnasio WFPF Parkour Academy<\/h2>\r\n<p>La WFPF Parkour Academy proporciona un sistema ya probado para optimizar su negocio. Desde equipos hasta un plan de estudios progresivo, con planes de lecciones en evoluci\u00f3n, certificaci\u00f3n de instructores y seguros, hacemos que tener ingresos adicionales  a sus resultados sea m\u00e1s f\u00e1cil posible.<\/p>\r\n<!--Card image-->\r\n<p><img decoding=\"async\" src=\"http:\/\/52.23.209.231\/wp-content\/uploads\/2019\/08\/equipment.jpg\" alt=\"equipment\" \/><\/p>\r\n<!--\/.Card image--><!--Card content--><!--Title-->\r\n<h4>Equipos Para Gimnasios Parkour<\/h4>\r\n<!--\/.Title--><!--Text-->\r\n<p>&#8220;Integrated Obstacles&#8221; TM offers a full product line of equipment and accessories for the safe practice of Parkour.<\/p>\r\n<!--\/.Text--><!--Link-->\r\n<p><a href=\"https:\/\/www.integratedobstacles.com\/\" target=\"_blank\" rel=\"noopener\"> &gt;&gt; Learn More About Parkour Equipment <\/a><\/p>\r\n<!--\/.Link--><!--\/.Card content--><!--Card image-->\r\n<p><img decoding=\"async\" src=\"https:\/\/wfpfparkouracademy.com\/wp-content\/uploads\/2019\/08\/competition.jpg\" alt=\"competition\" \/><\/p>\r\n<!--\/.Card image--><!--Card content--><!--Title-->\r\n<h4>Competiciones<\/h4>\r\n<!--\/.Title--><!--Text-->\r\n<p>WFPF alberga una serie de clasificatorios regionales, que conducen a la Copa Parkour de EE. UU. Y la Serie del Campeonato Mundial de Parkour WFPF.<\/p>\r\n<!--\/.Text--><!--Link-->\r\n<p><a href=\"https:\/\/wfpfparkouracademy.com\/es\/wfpf-competitions\/\" target=\"_self\" rel=\"noopener\"> &gt;&gt; Learn more About Competitions <\/a><\/p>\r\n<!--\/.Link--><!--\/.Card content--><!--Card image-->\r\n<p><img decoding=\"async\" src=\"https:\/\/wfpfparkouracademy.com\/wp-content\/uploads\/2019\/08\/curriculum.jpg\" alt=\"curriculum\" \/><\/p>\r\n<!--\/.Card image--><!--Card content--><!--Title-->\r\n<h4>Plan de estudios progresivo<\/h4>\r\n<!--\/.Title--><!--Text-->\r\n<p>WFPF Parkour Academy ofrece un plan de estudios progresivo de 8 niveles con planes de lecciones mensuales y materiales de marketing.<\/p>\r\n<!--\/.Text--><!--Link-->\r\n<p><a href=\"https:\/\/wfpfparkouracademy.com\/es\/wfpf-curriculum\/\" target=\"_self\" rel=\"noopener\"> &gt;&gt; Read More About Our Academy Curriculum <\/a><\/p>\r\n<!--\/.Link--><!--\/.Card content--><!--Card image-->\r\n<p><img decoding=\"async\" src=\"http:\/\/52.23.209.231\/wp-content\/uploads\/2019\/08\/insurance.jpg\" alt=\"insurance\" \/><\/p>\r\n<!--\/.Card image--><!--Card content--><!--Title-->\r\n<h4>Insurance Coverage<\/h4>\r\n<!--\/.Title--><!--Text-->\r\n<p>Ser un gimnasio miembro de USA Parkour brinda acceso a la cobertura del seguro de responsabilidad civil general y de accidentes del participante.<\/p>\r\n<!--\/.Text--><!--Link-->\r\n<p><a href=\"https:\/\/usaparkour.org\/get-a-quote\/\" target=\"_blank\" rel=\"noopener\"> &gt;&gt; Learn more About Insurance Coverage <\/a><\/p>\r\n<!--\/.Link--><!--\/.Card content--><!--Card image-->\r\n<p><img decoding=\"async\" src=\"https:\/\/wfpfparkouracademy.com\/wp-content\/uploads\/2019\/08\/certification-2-1.jpg\" alt=\"certification-2\" \/><\/p>\r\n<!--\/.Card image--><!--Card content--><!--Title-->\r\n<h4>Certificaci\u00f3n de instructor<\/h4>\r\n<!--\/.Title--><!--Text-->\r\n<p>Creado por atletas de renombre mundial, el Programa de Certificaci\u00f3n WFPF ha sido desarrollado cuidadosamente por profesionales de Parkour.<\/p>\r\n<!--\/.Text--><!--Link-->\r\n<p><a href=\"https:\/\/wfpf.com\/in-person-parkour-certifications\/\" target=\"_self\" rel=\"noopener\"> &gt;&gt; Learn About Instructor Certification <\/a><\/p>\r\n<!--\/.Link--><!--\/.Card content--><!--Card image-->\r\n<p><img decoding=\"async\" src=\"https:\/\/wfpfparkouracademy.com\/wp-content\/uploads\/2019\/08\/login-gyms-only.jpg\" alt=\"login-gyms-only\" \/><\/p>\r\n<!--\/.Card image--><!--Card content--><!--Title-->\r\n<h4>Gesti\u00f3n de membres\u00eda<\/h4>\r\n<!--\/.Title--><!--Text-->\r\n<p>La academia tiene un inicio de sesi\u00f3n para el gimnasio, donde los entrenadores y propietarios de gimnasios pueden ingresar todos los detalles de membres\u00eda de sus estudiantes.<\/p>\r\n<!--\/.Text--><!--Link-->\r\n<p><a href=\"https:\/\/wfpfparkouracademy.com\/es\/become-an-academy-gym\/\" target=\"_self\" rel=\"noopener\"> &gt;&gt; Become An Academy Gym <\/a><\/p>\r\n<!--\/.Link--><!--\/.Card content-->\r\n<h3>Testimonios en video para WFPF Parkour Academy<\/h3>\r\n<p><iframe loading=\"lazy\" src=\"https:\/\/player.vimeo.com\/video\/331608236\" width=\"100%\" height=\"250\" frameborder=\"0\" allowfullscreen=\"allowfullscreen\"><\/iframe> <iframe loading=\"lazy\" src=\"https:\/\/player.vimeo.com\/video\/342134459\" width=\"100%\" height=\"250\" frameborder=\"0\" allowfullscreen=\"allowfullscreen\"><\/iframe> <iframe loading=\"lazy\" src=\"https:\/\/player.vimeo.com\/video\/342134140\" width=\"100%\" height=\"250\" frameborder=\"0\" allowfullscreen=\"allowfullscreen\"><\/iframe><\/p>\r\n<h2>WFPF CLASSES &amp; CERTIFICATIONS<\/h2>\r\n<p><iframe loading=\"lazy\" src=\"https:\/\/www.youtube.com\/embed\/mPw1b0t4a5M?rel=0\" width=\"100%\" height=\"100%\" frameborder=\"0\" allowfullscreen=\"allowfullscreen\"><\/iframe><\/p>\r\n<p><iframe loading=\"lazy\" src=\"https:\/\/www.youtube.com\/embed\/vap92paiYmM?rel=0\" width=\"100%\" height=\"100%\" frameborder=\"0\" allowfullscreen=\"allowfullscreen\"><\/iframe><\/p>\r\n<p><iframe loading=\"lazy\" src=\"https:\/\/player.vimeo.com\/video\/306326553\" width=\"100%\" height=\"100%\" frameborder=\"0\" allowfullscreen=\"allowfullscreen\"><\/iframe><\/p>\r\n<h2><a title=\"CONVI\u00c9RTETE EN UN GIMNASIO DE LA ACADEMIA DEL WFPF\" href=\"https:\/\/wfpfparkouracademy.com\/es\/become-an-academy-gym\/\" target=\"_self\" rel=\"noopener\"> CONVI\u00c9RTETE EN UN GIMNASIO DE LA ACADEMIA DEL WFPF <\/a><\/h2>\r\n<p><a href=\"https:\/\/wfpfparkouracademy.com\/es\/become-an-academy-gym\/\" target=\"_self\" rel=\"noopener\"> SOLICITAR PAQUETE DE INFORMACI\u00d3N <\/a><\/p>","protected":false},"excerpt":{"rendered":"<p>WFPF Parkour Academy offers a comprehensive Parkour &#8220;Business-in-a-Box&#8221; for students of ALL AGES providing: All at a price suitable for any size gym or budget. More Info The WFPF Parkour Academy Gym System The WFPF Parkour Academy provides a system to optimize your business. From equipment through to a progressive curriculum with evolving lesson plans,&hellip;<\/p>","protected":false},"author":1,"featured_media":0,"parent":0,"menu_order":0,"comment_status":"closed","ping_status":"closed","template":"","meta":{"footnotes":""},"class_list":["post-2","page","type-page","status-publish","hentry"],"_links":{"self":[{"href":"https:\/\/wfpfparkouracademy.com\/es\/wp-json\/wp\/v2\/pages\/2","targetHints":{"allow":["GET"]}}],"collection":[{"href":"https:\/\/wfpfparkouracademy.com\/es\/wp-json\/wp\/v2\/pages"}],"about":[{"href":"https:\/\/wfpfparkouracademy.com\/es\/wp-json\/wp\/v2\/types\/page"}],"author":[{"embeddable":true,"href":"https:\/\/wfpfparkouracademy.com\/es\/wp-json\/wp\/v2\/users\/1"}],"replies":[{"embeddable":true,"href":"https:\/\/wfpfparkouracademy.com\/es\/wp-json\/wp\/v2\/comments?post=2"}],"version-history":[{"count":26,"href":"https:\/\/wfpfparkouracademy.com\/es\/wp-json\/wp\/v2\/pages\/2\/revisions"}],"predecessor-version":[{"id":10603,"href":"https:\/\/wfpfparkouracademy.com\/es\/wp-json\/wp\/v2\/pages\/2\/revisions\/10603"}],"wp:attachment":[{"href":"https:\/\/wfpfparkouracademy.com\/es\/wp-json\/wp\/v2\/media?parent=2"}],"curies":[{"name":"wp","href":"https:\/\/api.w.org\/{rel}","templated":true}]}}